{"id":247,"date":"2025-07-05T07:51:05","date_gmt":"2025-07-05T12:51:05","guid":{"rendered":"https:\/\/neuralea.com\/?page_id=247"},"modified":"2025-07-05T07:51:09","modified_gmt":"2025-07-05T12:51:09","slug":"quienes-somos-neuralea-bienestar-emocional-y-salud-mental","status":"publish","type":"page","link":"https:\/\/neuralea.com\/fr\/qui-sommes-nous-neuralea-bien-etre-emotionnel-et-sante-mentale\/","title":{"rendered":"\u00c0 propos de nous \u2013 Neuralea : Bien-\u00eatre \u00e9motionnel et sant\u00e9 mentale"},"content":{"rendered":"<figure class=\"wp-block-image size-full is-resized\"><img decoding=\"async\" width=\"1023\" height=\"341\" src=\"https:\/\/neuralea.com\/wp-content\/uploads\/2025\/07\/cropped-Logo.-1.png\" alt=\"Neuralea Logo\" class=\"wp-image-16\" style=\"width:522px;height:auto\" srcset=\"https:\/\/neuralea.com\/wp-content\/uploads\/2025\/07\/cropped-Logo.-1.png 1023w, https:\/\/neuralea.com\/wp-content\/uploads\/2025\/07\/cropped-Logo.-1-300x100.png 300w, https:\/\/neuralea.com\/wp-content\/uploads\/2025\/07\/cropped-Logo.-1-768x256.png 768w, https:\/\/neuralea.com\/wp-content\/uploads\/2025\/07\/cropped-Logo.-1-18x6.png 18w, https:\/\/neuralea.com\/wp-content\/uploads\/2025\/07\/cropped-Logo.-1-211x70.png 211w\" sizes=\"(max-width: 1023px) 100vw, 1023px\" \/><figcaption class=\"wp-element-caption\">Neuralea Logo<\/figcaption><\/figure>\n\n\n\n<p>Dans <strong>Neuralea<\/strong>Nous sommes une \u00e9quipe engag\u00e9e pour le bien-\u00eatre global de nos lecteurs, offrant un contenu bas\u00e9 sur des preuves scientifiques et des strat\u00e9gies pratiques pour am\u00e9liorer la sant\u00e9 mentale et \u00e9motionnelle. Nous nous consacrons \u00e0 fournir des informations accessibles, fiables et actualis\u00e9es sur des sujets li\u00e9s \u00e0 l'anxi\u00e9t\u00e9, au stress, au bien-\u00eatre cognitif et aux techniques naturelles pour am\u00e9liorer la qualit\u00e9 de vie.<\/p>\n\n\n\n<h4 class=\"wp-block-heading\"><strong>Notre mission<\/strong><\/h4>\n\n\n\n<p>Notre mission est d'autonomiser les individus par la connaissance, en fournissant des outils pratiques et des solutions naturelles qui favorisent leur bien-\u00eatre \u00e9motionnel et mental. Nous croyons au pouvoir de l'esprit et du corps pour gu\u00e9rir, et nous travaillons pour que chacun ait acc\u00e8s \u00e0 des informations pr\u00e9cieuses lui permettant de prendre des d\u00e9cisions \u00e9clair\u00e9es concernant sa sant\u00e9.<\/p>\n\n\n\n<h4 class=\"wp-block-heading\"><strong>Notre vision<\/strong><\/h4>\n\n\n\n<p>Nous aspirons \u00e0 \u00eatre un r\u00e9f\u00e9rent dans le monde num\u00e9rique sur la sant\u00e9 mentale, le bien-\u00eatre et la performance cognitive, en nous distinguant par la qualit\u00e9 de notre contenu qui inspire, \u00e9duque et aide les gens \u00e0 vivre une vie plus \u00e9quilibr\u00e9e, saine et \u00e9panouie.<\/p>\n\n\n\n<h4 class=\"wp-block-heading\"><strong>Nos valeurs<\/strong><\/h4>\n\n\n\n<ul class=\"wp-block-list\">\n<li><strong>Confiance<\/strong>: Nous nous appuyons sur la v\u00e9racit\u00e9 et la transparence, en soutenant nos informations avec des recherches scientifiques et des sources fiables.<\/li>\n\n\n\n<li><strong>Empathie<\/strong>: Nous comprenons les luttes quotidiennes li\u00e9es \u00e0 l'anxi\u00e9t\u00e9 et au stress, c'est pourquoi nous nous effor\u00e7ons d'apporter un soutien et des solutions qui font r\u00e9ellement la diff\u00e9rence.<\/li>\n\n\n\n<li><strong>Engagement<\/strong>: Nous sommes d\u00e9di\u00e9s \u00e0 fournir du contenu actualis\u00e9 et pertinent, toujours ax\u00e9 sur le bien-\u00eatre de nos lecteurs.<\/li>\n\n\n\n<li><strong>Accessibilit\u00e9<\/strong>: Nous croyons que la sant\u00e9 mentale doit \u00eatre un sujet accessible \u00e0 tous. C'est pourquoi nous travaillons \u00e0 offrir des solutions naturelles et pratiques que chacun peut appliquer dans sa vie quotidienne.<\/li>\n<\/ul>\n\n\n\n<h4 class=\"wp-block-heading\"><strong>Ce qui nous distingue<\/strong><\/h4>\n\n\n\n<p>Ce qui nous rend diff\u00e9rents, c'est notre approche globale et empathique du bien-\u00eatre mental. Nous ne fournissons pas seulement des strat\u00e9gies bas\u00e9es sur des preuves scientifiques, mais nous offrons \u00e9galement des ressources pratiques et accessibles qui peuvent \u00eatre appliqu\u00e9es dans la vie quotidienne. <strong>Neuralea<\/strong>: Nous comprenons que chaque personne est unique, c'est pourquoi nous offrons des solutions adapt\u00e9es \u00e0 diff\u00e9rents besoins et modes de vie.<\/p>\n\n\n\n<p><\/p>\n\n\n\n<p>Nestor Bastidas &#8211; Colombia <\/p>\n\n\n\n<p><a href=\"mailto:info@neuralea.com\">info@neuralea.com<\/a><\/p>\n\n\n\n<p><\/p>","protected":false},"excerpt":{"rendered":"<p>En Neuralea, somos un equipo comprometido con el bienestar integral de nuestros lectores, ofreciendo contenido basado en evidencia cient\u00edfica y [&hellip;]<\/p>","protected":false},"author":1,"featured_media":189,"parent":0,"menu_order":0,"comment_status":"closed","ping_status":"closed","template":"","meta":{"site-sidebar-layout":"default","site-content-layout":"","ast-site-content-layout":"default","site-content-style":"default","site-sidebar-style":"default","ast-global-header-display":"","ast-banner-title-visibility":"","ast-main-header-display":"","ast-hfb-above-header-display":"","ast-hfb-below-header-display":"","ast-hfb-mobile-header-display":"","site-post-title":"","ast-breadcrumbs-content":"","ast-featured-img":"","footer-sml-layout":"","ast-disable-related-posts":"","theme-transparent-header-meta":"","adv-header-id-meta":"","stick-header-meta":"","header-above-stick-meta":"","header-main-stick-meta":"","header-below-stick-meta":"","astra-migrate-meta-layouts":"default","ast-page-background-enabled":"default","ast-page-background-meta":{"desktop":{"background-color":"var(--ast-global-color-5)","background-image":"","background-repeat":"repeat","background-position":"center center","background-size":"auto","background-attachment":"scroll","background-type":"","background-media":"","overlay-type":"","overlay-color":"","overlay-opacity":"","overlay-gradient":""},"tablet":{"background-color":"","background-image":"","background-repeat":"repeat","background-position":"center center","background-size":"auto","background-attachment":"scroll","background-type":"","background-media":"","overlay-type":"","overlay-color":"","overlay-opacity":"","overlay-gradient":""},"mobile":{"background-color":"","background-image":"","background-repeat":"repeat","background-position":"center center","background-size":"auto","background-attachment":"scroll","background-type":"","background-media":"","overlay-type":"","overlay-color":"","overlay-opacity":"","overlay-gradient":""}},"ast-content-background-meta":{"desktop":{"background-color":"var(--ast-global-color-4)","background-image":"","background-repeat":"repeat","background-position":"center center","background-size":"auto","background-attachment":"scroll","background-type":"","background-media":"","overlay-type":"","overlay-color":"","overlay-opacity":"","overlay-gradient":""},"tablet":{"background-color":"var(--ast-global-color-4)","background-image":"","background-repeat":"repeat","background-position":"center center","background-size":"auto","background-attachment":"scroll","background-type":"","background-media":"","overlay-type":"","overlay-color":"","overlay-opacity":"","overlay-gradient":""},"mobile":{"background-color":"var(--ast-global-color-4)","background-image":"","background-repeat":"repeat","background-position":"center center","background-size":"auto","background-attachment":"scroll","background-type":"","background-media":"","overlay-type":"","overlay-color":"","overlay-opacity":"","overlay-gradient":""}},"footnotes":""},"class_list":["post-247","page","type-page","status-publish","has-post-thumbnail","hentry"],"_links":{"self":[{"href":"https:\/\/neuralea.com\/fr\/wp-json\/wp\/v2\/pages\/247","targetHints":{"allow":["GET"]}}],"collection":[{"href":"https:\/\/neuralea.com\/fr\/wp-json\/wp\/v2\/pages"}],"about":[{"href":"https:\/\/neuralea.com\/fr\/wp-json\/wp\/v2\/types\/page"}],"author":[{"embeddable":true,"href":"https:\/\/neuralea.com\/fr\/wp-json\/wp\/v2\/users\/1"}],"replies":[{"embeddable":true,"href":"https:\/\/neuralea.com\/fr\/wp-json\/wp\/v2\/comments?post=247"}],"version-history":[{"count":1,"href":"https:\/\/neuralea.com\/fr\/wp-json\/wp\/v2\/pages\/247\/revisions"}],"predecessor-version":[{"id":249,"href":"https:\/\/neuralea.com\/fr\/wp-json\/wp\/v2\/pages\/247\/revisions\/249"}],"wp:featuredmedia":[{"embeddable":true,"href":"https:\/\/neuralea.com\/fr\/wp-json\/wp\/v2\/media\/189"}],"wp:attachment":[{"href":"https:\/\/neuralea.com\/fr\/wp-json\/wp\/v2\/media?parent=247"}],"curies":[{"name":"wp","href":"https:\/\/api.w.org\/{rel}","templated":true}]}}