{"id":247,"date":"2025-07-05T07:51:05","date_gmt":"2025-07-05T12:51:05","guid":{"rendered":"https:\/\/neuralea.com\/?page_id=247"},"modified":"2025-07-05T07:51:09","modified_gmt":"2025-07-05T12:51:09","slug":"quienes-somos-neuralea-bienestar-emocional-y-salud-mental","status":"publish","type":"page","link":"https:\/\/neuralea.com\/de\/wer-wir-sind-neuralea-emotionales-wohlbefinden-und-mentale-gesundheit\/","title":{"rendered":"\u00dcber uns \u2013 Neuralea: Emotionales Wohlbefinden und mentale Gesundheit"},"content":{"rendered":"<figure class=\"wp-block-image size-full is-resized\"><img decoding=\"async\" width=\"1023\" height=\"341\" src=\"https:\/\/neuralea.com\/wp-content\/uploads\/2025\/07\/cropped-Logo.-1.png\" alt=\"Neuralea Logo\" class=\"wp-image-16\" style=\"width:522px;height:auto\" srcset=\"https:\/\/neuralea.com\/wp-content\/uploads\/2025\/07\/cropped-Logo.-1.png 1023w, https:\/\/neuralea.com\/wp-content\/uploads\/2025\/07\/cropped-Logo.-1-300x100.png 300w, https:\/\/neuralea.com\/wp-content\/uploads\/2025\/07\/cropped-Logo.-1-768x256.png 768w, https:\/\/neuralea.com\/wp-content\/uploads\/2025\/07\/cropped-Logo.-1-18x6.png 18w, https:\/\/neuralea.com\/wp-content\/uploads\/2025\/07\/cropped-Logo.-1-211x70.png 211w\" sizes=\"(max-width: 1023px) 100vw, 1023px\" \/><figcaption class=\"wp-element-caption\">Neuralea Logo<\/figcaption><\/figure>\n\n\n\n<p>In <strong>Neuralea<\/strong>Wir sind ein Team, das sich dem ganzheitlichen Wohlbefinden unserer Leser verpflichtet f\u00fchlt, indem wir auf wissenschaftlichen Erkenntnissen basierende Inhalte und praktische Strategien zur Verbesserung der mentalen und emotionalen Gesundheit anbieten. Wir widmen uns der Bereitstellung zug\u00e4nglicher, zuverl\u00e4ssiger und aktueller Informationen zu Themen wie Angst, Stress, kognitivem Wohlbefinden und nat\u00fcrlichen Techniken zur Verbesserung der Lebensqualit\u00e4t.<\/p>\n\n\n\n<h4 class=\"wp-block-heading\"><strong>Unsere Mission<\/strong><\/h4>\n\n\n\n<p>Unsere Mission ist es, Menschen durch Wissen zu st\u00e4rken, indem wir praktische Werkzeuge und nat\u00fcrliche L\u00f6sungen bereitstellen, die ihr emotionales und mentales Wohlbefinden f\u00f6rdern. Wir glauben an die Kraft von Geist und K\u00f6rper zur Heilung und arbeiten daran, dass jeder Zugang zu wertvollen Informationen hat, die es ihm erm\u00f6glichen, informierte Entscheidungen \u00fcber seine Gesundheit zu treffen.<\/p>\n\n\n\n<h4 class=\"wp-block-heading\"><strong>Unsere Vision<\/strong><\/h4>\n\n\n\n<p>Wir streben danach, ein f\u00fchrendes Vorbild in der digitalen Welt f\u00fcr mentale Gesundheit, Wohlbefinden und kognitive Leistung zu sein, indem wir uns durch qualitativ hochwertige Inhalte auszeichnen, die inspirieren, bilden und den Menschen helfen, ein ausgewogenes, gesundes und erf\u00fclltes Leben zu f\u00fchren.<\/p>\n\n\n\n<h4 class=\"wp-block-heading\"><strong>Unsere Werte<\/strong><\/h4>\n\n\n\n<ul class=\"wp-block-list\">\n<li><strong>Vertrauen<\/strong>: Wir basieren auf Wahrhaftigkeit und Transparenz und st\u00fctzen unsere Informationen auf wissenschaftliche Forschung und zuverl\u00e4ssige Quellen.<\/li>\n\n\n\n<li><strong>Empathie<\/strong>: Wir verstehen die t\u00e4glichen K\u00e4mpfe im Zusammenhang mit Angst und Stress, weshalb wir uns bem\u00fchen, Unterst\u00fctzung und L\u00f6sungen zu bieten, die wirklich einen Unterschied machen.<\/li>\n\n\n\n<li><strong>Engagement<\/strong>: Wir sind darauf bedacht, stets aktuelle und relevante Inhalte bereitzustellen, die immer auf das Wohlbefinden unserer Leser fokussiert sind.<\/li>\n\n\n\n<li><strong>Zug\u00e4nglichkeit<\/strong>: Wir glauben, dass mentale Gesundheit f\u00fcr alle ein zug\u00e4ngliches Thema sein sollte. Deshalb arbeiten wir daran, nat\u00fcrliche und praktische L\u00f6sungen anzubieten, die jeder in seinem Alltag anwenden kann.<\/li>\n<\/ul>\n\n\n\n<h4 class=\"wp-block-heading\"><strong>Was uns auszeichnet<\/strong><\/h4>\n\n\n\n<p>Was uns unterscheidet, ist unser ganzheitlicher und empathischer Ansatz zum mentalen Wohlbefinden. Wir bieten nicht nur evidenzbasierte Strategien an, sondern auch praktische und zug\u00e4ngliche Ressourcen, die im Alltag angewendet werden k\u00f6nnen. <strong>Neuralea<\/strong>: Wir verstehen, dass jeder Mensch einzigartig ist, weshalb wir L\u00f6sungen anbieten, die auf unterschiedliche Bed\u00fcrfnisse und Lebensstile zugeschnitten sind.<\/p>\n\n\n\n<p><\/p>\n\n\n\n<p>Nestor Bastidas &#8211; Colombia <\/p>\n\n\n\n<p><a href=\"mailto:info@neuralea.com\">info@neuralea.com<\/a><\/p>\n\n\n\n<p><\/p>","protected":false},"excerpt":{"rendered":"<p>En Neuralea, somos un equipo comprometido con el bienestar integral de nuestros lectores, ofreciendo contenido basado en evidencia cient\u00edfica y [&hellip;]<\/p>","protected":false},"author":1,"featured_media":189,"parent":0,"menu_order":0,"comment_status":"closed","ping_status":"closed","template":"","meta":{"site-sidebar-layout":"default","site-content-layout":"","ast-site-content-layout":"default","site-content-style":"default","site-sidebar-style":"default","ast-global-header-display":"","ast-banner-title-visibility":"","ast-main-header-display":"","ast-hfb-above-header-display":"","ast-hfb-below-header-display":"","ast-hfb-mobile-header-display":"","site-post-title":"","ast-breadcrumbs-content":"","ast-featured-img":"","footer-sml-layout":"","ast-disable-related-posts":"","theme-transparent-header-meta":"","adv-header-id-meta":"","stick-header-meta":"","header-above-stick-meta":"","header-main-stick-meta":"","header-below-stick-meta":"","astra-migrate-meta-layouts":"default","ast-page-background-enabled":"default","ast-page-background-meta":{"desktop":{"background-color":"var(--ast-global-color-5)","background-image":"","background-repeat":"repeat","background-position":"center center","background-size":"auto","background-attachment":"scroll","background-type":"","background-media":"","overlay-type":"","overlay-color":"","overlay-opacity":"","overlay-gradient":""},"tablet":{"background-color":"","background-image":"","background-repeat":"repeat","background-position":"center center","background-size":"auto","background-attachment":"scroll","background-type":"","background-media":"","overlay-type":"","overlay-color":"","overlay-opacity":"","overlay-gradient":""},"mobile":{"background-color":"","background-image":"","background-repeat":"repeat","background-position":"center center","background-size":"auto","background-attachment":"scroll","background-type":"","background-media":"","overlay-type":"","overlay-color":"","overlay-opacity":"","overlay-gradient":""}},"ast-content-background-meta":{"desktop":{"background-color":"var(--ast-global-color-4)","background-image":"","background-repeat":"repeat","background-position":"center center","background-size":"auto","background-attachment":"scroll","background-type":"","background-media":"","overlay-type":"","overlay-color":"","overlay-opacity":"","overlay-gradient":""},"tablet":{"background-color":"var(--ast-global-color-4)","background-image":"","background-repeat":"repeat","background-position":"center center","background-size":"auto","background-attachment":"scroll","background-type":"","background-media":"","overlay-type":"","overlay-color":"","overlay-opacity":"","overlay-gradient":""},"mobile":{"background-color":"var(--ast-global-color-4)","background-image":"","background-repeat":"repeat","background-position":"center center","background-size":"auto","background-attachment":"scroll","background-type":"","background-media":"","overlay-type":"","overlay-color":"","overlay-opacity":"","overlay-gradient":""}},"footnotes":""},"class_list":["post-247","page","type-page","status-publish","has-post-thumbnail","hentry"],"_links":{"self":[{"href":"https:\/\/neuralea.com\/de\/wp-json\/wp\/v2\/pages\/247","targetHints":{"allow":["GET"]}}],"collection":[{"href":"https:\/\/neuralea.com\/de\/wp-json\/wp\/v2\/pages"}],"about":[{"href":"https:\/\/neuralea.com\/de\/wp-json\/wp\/v2\/types\/page"}],"author":[{"embeddable":true,"href":"https:\/\/neuralea.com\/de\/wp-json\/wp\/v2\/users\/1"}],"replies":[{"embeddable":true,"href":"https:\/\/neuralea.com\/de\/wp-json\/wp\/v2\/comments?post=247"}],"version-history":[{"count":1,"href":"https:\/\/neuralea.com\/de\/wp-json\/wp\/v2\/pages\/247\/revisions"}],"predecessor-version":[{"id":249,"href":"https:\/\/neuralea.com\/de\/wp-json\/wp\/v2\/pages\/247\/revisions\/249"}],"wp:featuredmedia":[{"embeddable":true,"href":"https:\/\/neuralea.com\/de\/wp-json\/wp\/v2\/media\/189"}],"wp:attachment":[{"href":"https:\/\/neuralea.com\/de\/wp-json\/wp\/v2\/media?parent=247"}],"curies":[{"name":"wp","href":"https:\/\/api.w.org\/{rel}","templated":true}]}}